{"id":1225,"date":"2025-05-05T09:39:11","date_gmt":"2025-05-05T09:39:11","guid":{"rendered":"https:\/\/pakalolo.pl\/?post_type=product&#038;p=1225"},"modified":"2025-08-20T11:25:09","modified_gmt":"2025-08-20T11:25:09","slug":"skimboard-pakalolo-ride-hard-l-xl","status":"publish","type":"product","link":"https:\/\/pakalolo.pl\/pl\/produkt\/skimboard-pakalolo-ride-hard-l-xl\/","title":{"rendered":"Skimboard Pakalolo Ride Hard L\/XL"},"content":{"rendered":"<div id=\"tab-description\" class=\"woocommerce-Tabs-panel woocommerce-Tabs-panel--description panel entry-content wc-tab\" role=\"tabpanel\" aria-labelledby=\"tab-title-description\">\n<p>Deska Skimboard PAKALOLO Ride Hard L\/XL<\/p>\n<p><strong>Jest to produkt z naturalnego drewna, mo\u017cliwe widoczne s\u0142oje i przebarwienia.<\/strong><\/p>\n<p>Nowy, Szybszy z wi\u0119kszym popem Skimboard Pakalolo:<\/p>\n<p>Pakalolo Skimboard\u00a0<strong>Technology System TSC<\/strong>:<\/p>\n<p><strong>TwinRocker &#8211; TwinTip<\/strong><\/p>\n<p>Technologia ta umo\u017cliwia wykonywanie trik\u00f3w w obie strony przy zachowaniu pr\u0119dko\u015bci.<\/p>\n<p><strong>Deski Twintip<\/strong>\u00a0zyska\u0142y szerszy nose i tail, aby polepszy\u0107 ich parametry jezdne na nieco g\u0142\u0119bszej wodzie.<\/p>\n<p><strong>Symetric Rocker<\/strong>\u00a0\u2013 deska posiada symetryczny profil daj\u0105cy desce odpowiedni\u0105 spr\u0119\u017cysto\u015b\u0107 oraz wysoki pop. Nie wa\u017cne gdzie prz\u00f3d, gdzie ty\u0142!<\/p>\n<p><strong>Concave Wave Technology:<\/strong><\/p>\n<p>To technologia podniesienia bocznych burt deski.\u00a0 Pozwala ona na sterowanie desk\u0105 na fali a tak\u017ce na g\u0142\u0119bokiej wodzie.<\/p>\n<p>Concave u\u0142atwia obr\u00f3t wok\u00f3\u0142 w\u0142asnej osi o 360 stopni nie powoduj\u0105c wcinania si\u0119 deski w wod\u0119.<\/p>\n<p>Nowa konstrukcja deski pozwala na \u0142atwiejsze wybicie si\u0119 na fali a tak\u017ce na p\u0142askiej wodzie.<\/p>\n<p><strong>Smooth Rail<\/strong>\u00a0\u2013 kraw\u0119d\u017a dna deski jest \u0142agodnie zaokr\u0105glona, minimalizuj\u0105c opory na jibbingu i wyd\u0142u\u017caj\u0105c \u017cywotno\u015b\u0107 kraw\u0119dzi deski.<\/p>\n<p><strong>Transparent Grip<\/strong>\u00a0\u2013 specjalny kultowy antypo\u015blizg Pakalolo na pok\u0142adzie zapewnia maksymaln\u0105 przyczepno\u015b\u0107 st\u00f3p podobnie jak w deskorolce. Nie trzeba ju\u017c bawi\u0107 si\u0119 woskiem.<\/p>\n<p>Drewno: U\u017cyte drewno to wyselekcjonowana sklejka w 100% z Buku<\/p>\n<p>Twintip L\/XL to model dla m\u0142odzie\u017cy i doros\u0142ych, kt\u00f3ry umo\u017cliwia szybki progres dla ambitnych i pocz\u0105tkuj\u0105cych rider\u00f3w, wa\u017c\u0105cych powy\u017cej 45kg.<\/p>\n<p>Sprawd\u017a tak\u017ce <a href=\"https:\/\/pakalolo.pl\/pl\/sklep\/\">inne deski Skimboard Pakalolo<\/a><\/p>\n<p>Producent: Letsboard ul. Noskowskiego 2\/9, 61-704 Pozna\u0144<\/p>\n<\/div>\n","protected":false},"excerpt":{"rendered":"<p>Deska Skimboard PAKALOLO Ride Hard L\/XL Jest to produkt z naturalnego drewna, mo\u017cliwe widoczne s\u0142oje i przebarwienia. Nowy, Szybszy z wi\u0119kszym popem Skimboard Pakalolo: Pakalolo Skimboard\u00a0Technology System TSC: TwinRocker &#8211; TwinTip Technologia ta umo\u017cliwia wykonywanie trik\u00f3w w obie strony przy zachowaniu pr\u0119dko\u015bci. Deski Twintip\u00a0zyska\u0142y szerszy nose i tail, aby polepszy\u0107 ich parametry jezdne na nieco&#8230;<\/p>\n","protected":false},"featured_media":1222,"template":"","meta":{"_monsterinsights_skip_tracking":false,"_monsterinsights_sitenote_active":false,"_monsterinsights_sitenote_note":"","_monsterinsights_sitenote_category":0,"_kadence_starter_templates_imported_post":false,"_kad_post_transparent":"default","_kad_post_title":"","_kad_post_layout":"default","_kad_post_sidebar_id":"","_kad_post_content_style":"default","_kad_post_vertical_padding":"default","_kad_post_feature":"","_kad_post_feature_position":"","_kad_post_header":false,"_kad_post_footer":false},"product_cat":[15],"product_tag":[23,24],"class_list":{"0":"post-1225","1":"product","2":"type-product","3":"status-publish","4":"has-post-thumbnail","6":"product_cat-bez-kategorii","7":"product_tag-pakalolo","8":"product_tag-skimboard","10":"first","11":"outofstock","12":"taxable","13":"shipping-taxable","14":"purchasable","15":"product-type-simple","16":"entry","17":"content-bg","18":"loop-entry"},"aioseo_notices":[],"_links":{"self":[{"href":"https:\/\/pakalolo.pl\/pl\/wp-json\/wp\/v2\/product\/1225","targetHints":{"allow":["GET"]}}],"collection":[{"href":"https:\/\/pakalolo.pl\/pl\/wp-json\/wp\/v2\/product"}],"about":[{"href":"https:\/\/pakalolo.pl\/pl\/wp-json\/wp\/v2\/types\/product"}],"wp:featuredmedia":[{"embeddable":true,"href":"https:\/\/pakalolo.pl\/pl\/wp-json\/wp\/v2\/media\/1222"}],"wp:attachment":[{"href":"https:\/\/pakalolo.pl\/pl\/wp-json\/wp\/v2\/media?parent=1225"}],"wp:term":[{"taxonomy":"product_cat","embeddable":true,"href":"https:\/\/pakalolo.pl\/pl\/wp-json\/wp\/v2\/product_cat?post=1225"},{"taxonomy":"product_tag","embeddable":true,"href":"https:\/\/pakalolo.pl\/pl\/wp-json\/wp\/v2\/product_tag?post=1225"}],"curies":[{"name":"wp","href":"https:\/\/api.w.org\/{rel}","templated":true}]}}