{"id":1271,"date":"2025-06-25T12:44:35","date_gmt":"2025-06-25T12:44:35","guid":{"rendered":"https:\/\/pakalolo.pl\/?post_type=product&#038;p=1271"},"modified":"2025-08-20T11:24:53","modified_gmt":"2025-08-20T11:24:53","slug":"skimboard-pakalolo-ride-hard-s-m","status":"publish","type":"product","link":"https:\/\/pakalolo.pl\/pl\/produkt\/skimboard-pakalolo-ride-hard-s-m\/","title":{"rendered":"Skimboard Pakalolo Ride Hard  S\/M"},"content":{"rendered":"<div id=\"tab-description\" class=\"woocommerce-Tabs-panel woocommerce-Tabs-panel--description panel entry-content wc-tab\" role=\"tabpanel\" aria-labelledby=\"tab-title-description\">\n<div id=\"tab-description\" class=\"woocommerce-Tabs-panel woocommerce-Tabs-panel--description panel entry-content wc-tab\" role=\"tabpanel\" aria-labelledby=\"tab-title-description\">\n<div id=\"tab-description\" class=\"woocommerce-Tabs-panel woocommerce-Tabs-panel--description panel entry-content wc-tab\" role=\"tabpanel\" aria-labelledby=\"tab-title-description\">\n<p>Deska Skimboard PAKALOLO Ride Hard S\/M<\/p>\n<p><strong>Jest to produkt\u00a0 z naturalnego drewna, mo\u017cliwe widoczne s\u0142oje i przebarwienia.<\/strong><\/p>\n<p>Skimboard przeznaczony dla m\u0142odzie\u017cy i doros\u0142ych. Deska lekka i \u0142atwa w obs\u0142udze. Deska przeznaczona dla pocz\u0105tkuj\u0105cych , \u015bredniozaawansowanych i zaawansowanych.<\/p>\n<p><strong>Skimboard Pakalolo<\/strong> doskonale sprawdza si\u0119 we freestyle i u\u0142atwia wykonywanie skomplikowanych manewr\u00f3w.<\/p>\n<p>Skimboardy PAKALOLO wykonane s\u0105 z wyselekcjonowanego drewna wysokiej jako\u015bci, kszta\u0142towanego termicznie dla uzyskania odpowiedniej sztywno\u015bci i profilu. Pokryte wielowarstwow\u0105, odporn\u0105 na \u015bcieranie i wod\u0119 pow\u0142ok\u0105 poliuretanow\u0105.<\/p>\n<p>Kszta\u0142t twintip eliminuje poj\u0119cie dziobu i rufy skima. Symetryczny profil daje desce odpowiedni\u0105 spr\u0119\u017cysto\u015b\u0107 oraz wysokie wybicie. Dzi\u0119ki zaokr\u0105glonej kraw\u0119dzi spodu deski, zwi\u0119kszona zostaje \u017cywotno\u015b\u0107 skima w kontakcie z elementami, na kt\u00f3rych wykonujesz ewolucje.<\/p>\n<p>Je\u017celi jeste\u015b fanem skimboardingu albo chcesz zacz\u0105\u0107 przygod\u0119 z tym sportem, to Pakalolo Doodle pozwoli Ci doskonale bawi\u0107 si\u0119 na pla\u017cy sam na sam z dech\u0105<\/p>\n<ul>\n<li><strong>Symetric Rocker<\/strong> \u2013 deska posiada symetryczny profil daj\u0105cy desce odpowiedni\u0105 spr\u0119\u017cysto\u015b\u0107 oraz wysoki pop. Nie wa\u017cne gdzie prz\u00f3d, gdzie ty\u0142!<\/li>\n<li><strong>Transparent Grip<\/strong> \u2013 specjalny antypo\u015blizg na pok\u0142adzie zapewnia maksymaln\u0105 przyczepno\u015b\u0107 st\u00f3p podobnie jak w deskorolce. Nie trzeba ju\u017c bawi\u0107 si\u0119 woskiem.<\/li>\n<li><strong>Smooth Rail<\/strong> \u2013 kraw\u0119d\u017a dna deski jest \u0142agodnie zaokr\u0105glona, minimalizuj\u0105c opory na jibbingu i wyd\u0142u\u017caj\u0105c \u017cywotno\u015b\u0107 kraw\u0119dzi deski.<\/li>\n<li><strong>Deski Twintip<\/strong> zyska\u0142y szerszy nose i tail, aby polepszy\u0107 ich parametry jezdne na nieco g\u0142\u0119bszej wodzie.<\/li>\n<li>Rdze\u0144 deski od 2012 roku sk\u0142ada si\u0119 z 3 warstw sklejki u\u0142o\u017conych wzd\u0142u\u017cnie, co poprawia sztywno\u015b\u0107 profilu (lepsza kontrola deski na boxach i railach).<\/li>\n<li><strong>Twintip L<\/strong> to model dla m\u0142odzie\u017cy i doros\u0142ych, kt\u00f3ry umo\u017cliwia szybki progres dla ambitnych i pocz\u0105tkuj\u0105cych rider\u00f3w, wa\u017c\u0105cych do 55 kg.<\/li>\n<\/ul>\n<p>Sprawd\u017a tak\u017ce <a href=\"https:\/\/pakalolo.pl\/pl\/sklep\/\">inne deski Skimboard Pakalolo<\/a><\/p>\n<\/div>\n<\/div>\n<\/div>\n","protected":false},"excerpt":{"rendered":"<p>Deska Skimboard PAKALOLO Ride Hard S\/M Jest to produkt\u00a0 z naturalnego drewna, mo\u017cliwe widoczne s\u0142oje i przebarwienia. Skimboard przeznaczony dla m\u0142odzie\u017cy i doros\u0142ych. Deska lekka i \u0142atwa w obs\u0142udze. Deska przeznaczona dla pocz\u0105tkuj\u0105cych , \u015bredniozaawansowanych i zaawansowanych. Skimboard Pakalolo doskonale sprawdza si\u0119 we freestyle i u\u0142atwia wykonywanie skomplikowanych manewr\u00f3w. Skimboardy PAKALOLO wykonane s\u0105 z wyselekcjonowanego&#8230;<\/p>\n","protected":false},"featured_media":1222,"template":"","meta":{"_monsterinsights_skip_tracking":false,"_monsterinsights_sitenote_active":false,"_monsterinsights_sitenote_note":"","_monsterinsights_sitenote_category":0,"_kadence_starter_templates_imported_post":false,"_kad_post_transparent":"default","_kad_post_title":"","_kad_post_layout":"default","_kad_post_sidebar_id":"","_kad_post_content_style":"default","_kad_post_vertical_padding":"default","_kad_post_feature":"","_kad_post_feature_position":"","_kad_post_header":false,"_kad_post_footer":false},"product_cat":[18],"product_tag":[25],"class_list":{"0":"post-1271","1":"product","2":"type-product","3":"status-publish","4":"has-post-thumbnail","6":"product_cat-hoodies","7":"product_tag-pakalolo-pl","9":"first","10":"outofstock","11":"taxable","12":"shipping-taxable","13":"purchasable","14":"product-type-simple","15":"entry","16":"content-bg","17":"loop-entry"},"aioseo_notices":[],"_links":{"self":[{"href":"https:\/\/pakalolo.pl\/pl\/wp-json\/wp\/v2\/product\/1271","targetHints":{"allow":["GET"]}}],"collection":[{"href":"https:\/\/pakalolo.pl\/pl\/wp-json\/wp\/v2\/product"}],"about":[{"href":"https:\/\/pakalolo.pl\/pl\/wp-json\/wp\/v2\/types\/product"}],"wp:featuredmedia":[{"embeddable":true,"href":"https:\/\/pakalolo.pl\/pl\/wp-json\/wp\/v2\/media\/1222"}],"wp:attachment":[{"href":"https:\/\/pakalolo.pl\/pl\/wp-json\/wp\/v2\/media?parent=1271"}],"wp:term":[{"taxonomy":"product_cat","embeddable":true,"href":"https:\/\/pakalolo.pl\/pl\/wp-json\/wp\/v2\/product_cat?post=1271"},{"taxonomy":"product_tag","embeddable":true,"href":"https:\/\/pakalolo.pl\/pl\/wp-json\/wp\/v2\/product_tag?post=1271"}],"curies":[{"name":"wp","href":"https:\/\/api.w.org\/{rel}","templated":true}]}}