{"id":573,"date":"2021-07-27T12:53:36","date_gmt":"2021-07-27T12:53:36","guid":{"rendered":"https:\/\/pakalolo.pl\/?post_type=product&#038;p=573"},"modified":"2025-07-25T12:15:14","modified_gmt":"2025-07-25T12:15:14","slug":"pokrowiec-na-skimboard-pro-m-i-l-xl","status":"publish","type":"product","link":"https:\/\/pakalolo.pl\/pl\/produkt\/pokrowiec-na-skimboard-pro-m-i-l-xl\/","title":{"rendered":"Pokrowiec na Skimboard Pro S\/M"},"content":{"rendered":"<div id=\"tab-description\" class=\"woocommerce-Tabs-panel woocommerce-Tabs-panel--description panel entry-content wc-tab\" role=\"tabpanel\" aria-labelledby=\"tab-title-description\">\n<div id=\"tab-description\" class=\"woocommerce-Tabs-panel woocommerce-Tabs-panel--description panel entry-content wc-tab\" role=\"tabpanel\" aria-labelledby=\"tab-title-description\">\n<h2>Pokrowiec na Skimboard PRO rozmiar S\/M<\/h2>\n<p>Pokrowiec jest zrobiony z bardzo mocnego materia\u0142u. Grafika pokrowca z ka\u017cdej strony jest inna (jak na fotografii)<\/p>\n<p>Szelki samo zaci\u0105gaj\u0105ce u\u0142atwiaj\u0105 transport skimboard\u00f3w.<\/p>\n<p>Oryginalny produkt Pakalolo Skimboards.<\/p>\n<p>Rozmiar: pasuje do desek XS i S\/M<\/p>\n<\/div>\n<\/div>\n","protected":false},"excerpt":{"rendered":"<p>Najni\u017csza cena z ostatnich 30 dni: 129 z\u0142<\/p>\n<p>&nbsp;<\/p>\n<p>Pakalolo Pokrowiec Skimboard<\/p>\n","protected":false},"featured_media":574,"template":"","meta":{"_monsterinsights_skip_tracking":false,"_monsterinsights_sitenote_active":false,"_monsterinsights_sitenote_note":"","_monsterinsights_sitenote_category":0,"_kadence_starter_templates_imported_post":false,"_kad_post_transparent":"default","_kad_post_title":"","_kad_post_layout":"default","_kad_post_sidebar_id":"","_kad_post_content_style":"default","_kad_post_vertical_padding":"default","_kad_post_feature":"","_kad_post_feature_position":"","_kad_post_header":false,"_kad_post_footer":false},"product_cat":[18],"product_tag":[25],"class_list":{"0":"post-573","1":"product","2":"type-product","3":"status-publish","4":"has-post-thumbnail","6":"product_cat-hoodies","7":"product_tag-pakalolo-pl","9":"first","10":"outofstock","11":"taxable","12":"shipping-taxable","13":"purchasable","14":"product-type-simple","15":"entry","16":"content-bg","17":"loop-entry"},"aioseo_notices":[],"_links":{"self":[{"href":"https:\/\/pakalolo.pl\/pl\/wp-json\/wp\/v2\/product\/573","targetHints":{"allow":["GET"]}}],"collection":[{"href":"https:\/\/pakalolo.pl\/pl\/wp-json\/wp\/v2\/product"}],"about":[{"href":"https:\/\/pakalolo.pl\/pl\/wp-json\/wp\/v2\/types\/product"}],"wp:featuredmedia":[{"embeddable":true,"href":"https:\/\/pakalolo.pl\/pl\/wp-json\/wp\/v2\/media\/574"}],"wp:attachment":[{"href":"https:\/\/pakalolo.pl\/pl\/wp-json\/wp\/v2\/media?parent=573"}],"wp:term":[{"taxonomy":"product_cat","embeddable":true,"href":"https:\/\/pakalolo.pl\/pl\/wp-json\/wp\/v2\/product_cat?post=573"},{"taxonomy":"product_tag","embeddable":true,"href":"https:\/\/pakalolo.pl\/pl\/wp-json\/wp\/v2\/product_tag?post=573"}],"curies":[{"name":"wp","href":"https:\/\/api.w.org\/{rel}","templated":true}]}}